{"id":1397,"date":"2013-03-11T20:37:24","date_gmt":"2013-03-11T19:37:24","guid":{"rendered":"https:\/\/www.kosmetikal.it\/wpdev03\/full_service-2.html"},"modified":"2022-06-23T17:09:42","modified_gmt":"2022-06-23T15:09:42","slug":"full_service","status":"publish","type":"page","link":"https:\/\/staging.kosmetikal.it\/es\/full_service.html","title":{"rendered":"Full Service"},"content":{"rendered":"<div class=\"wpb-content-wrapper\"><p>[vc_row row_type=\u00bbrow\u00bb use_row_as_full_screen_section=\u00bbno\u00bb type=\u00bbfull_width\u00bb text_align=\u00bbleft\u00bb background_animation=\u00bbnone\u00bb css_animation=\u00bb\u00bb][vc_column][vc_column_text]<\/p>\n<h1>Full service es nuestra f\u00f3rmula \u00abllave en mano\u00bb: desde la concepci\u00f3n del producto hasta su promoci\u00f3n, te seguimos en cada una de las fases de desarrollo: ded\u00edcate a la comercializaci\u00f3n del producto, nosotros nos encargamos del resto<\/h1>\n<p>[\/vc_column_text][vc_separator type=\u00bbnormal\u00bb border_style=\u00bb\u00bb up=\u00bb20&#8243; down=\u00bb40&#8243;][vc_column_text]<\/p>\n<h3>La idea es tuya, nosotros nos encargamos del resto!<\/h3>\n<p>Desde la concepci\u00f3n del producto hasta su promoci\u00f3n, Kosmetikal puede ayudarte en cada una de las fases de desarrollo. Evaluamos atentamente los productos de la competencia y las tendencias del mercado con especial atenci\u00f3n al posicionamiento de tu producto. Te acompa\u00f1amos, si lo deseas, durante el desarrollo de la idea o la definici\u00f3n de tu l\u00ednea.[\/vc_column_text][vc_separator type=\u00bbnormal\u00bb border_style=\u00bb\u00bb up=\u00bb20&#8243; down=\u00bb40&#8243;][\/vc_column][\/vc_row][vc_row row_type=\u00bbrow\u00bb use_row_as_full_screen_section=\u00bbno\u00bb type=\u00bbfull_width\u00bb text_align=\u00bbleft\u00bb background_animation=\u00bbnone\u00bb css_animation=\u00bb\u00bb][vc_column][vc_accordion active_tab=\u00bb1&#8243; style=\u00bbtoggle\u00bb][vc_accordion_tab title=\u00bbDESARROLLO Y PRODUCCI\u00d3N\u00bb title_tag=\u00bbh3&#8243;][vc_column_text]Seleccionamos cuidadosamente las mejores materias primas, garantiz\u00e1ndote alta calidad, innovaci\u00f3n y eficacia del producto, ofreci\u00e9ndote tambi\u00e9n l\u00edneas certificables y con certificaci\u00f3n biol\u00f3gica y vegana. Desarrollamos la f\u00f3rmula de tu producto con profesionalidad y discreci\u00f3n. Producimos y envasamos el producto terminado comprobando su estabilidad y seguridad.[\/vc_column_text][\/vc_accordion_tab][vc_accordion_tab title=\u00bbCERTIFICACIONES\u00bb title_tag=\u00bbh3&#8243;][vc_column_text]Valoramos la eficacia del producto y\/o seleccionamos entidades o institutos de investigaci\u00f3n para certificaciones espec\u00edficas. Mantenemos una actualizaci\u00f3n constante sobre las normativas europeas y extraeuropeas. Producimos as\u00ed la documentaci\u00f3n necesaria para la comercializaci\u00f3n tanto en Italia como en el extranjero. Nos encargamos de la notificaci\u00f3n electr\u00f3nica (CPNP) centralizada seg\u00fan el nuevo reglamento 1223\/2009.[\/vc_column_text][\/vc_accordion_tab][vc_accordion_tab title=\u00bbDISE\u00d1O GR\u00c1FICO E IMPRESI\u00d3N\u00bb title_tag=\u00bbh3&#8243;][vc_column_text]Disponemos de un equipo de dise\u00f1adores gr\u00e1ficos en plantilla capaces de crear tu marca y llevar a cabo la configuraci\u00f3n gr\u00e1fica de packaging primario y secundario hasta llegar al proceso de impresi\u00f3n. Si lo deseas, te facilitamos el producto equipado con etiquetas o serigrafiado (incluso en peque\u00f1as cantidades) y con cajas incluidas.[\/vc_column_text][\/vc_accordion_tab][vc_accordion_tab title=\u00bbENVASADO\u00bb title_tag=\u00bbh3&#8243;][vc_column_text]Estamos volcados en encontrar envases espec\u00edficos que resalten la calidad y belleza del producto en su conjunto, conservando al m\u00e1ximo su estabilidad. Proponemos a nuestros clientes tarros de cristal y pl\u00e1stico, airless, tubos, frascos, espr\u00e1is y much\u00edsimas m\u00e1s soluciones.[\/vc_column_text][\/vc_accordion_tab][vc_accordion_tab title=\u00bbPROMOCI\u00d3N\u00bb title_tag=\u00bbh3&#8243;][vc_column_text]Ponemos a tu servicio nuestra profesionalidad y experiencia en la promoci\u00f3n del producto en eventos especiales, como ferias o presentaciones a tu fuerza de ventas.[\/vc_column_text][\/vc_accordion_tab][\/vc_accordion][\/vc_column][\/vc_row][vc_row row_type=\u00bbrow\u00bb use_row_as_full_screen_section=\u00bbno\u00bb type=\u00bbfull_width\u00bb text_align=\u00bbleft\u00bb background_animation=\u00bbnone\u00bb css_animation=\u00bb\u00bb][vc_column][vc_empty_space][\/vc_column][\/vc_row]<\/p>\n<\/div>","protected":false},"excerpt":{"rendered":"<p>[vc_row row_type=\u00bbrow\u00bb use_row_as_full_screen_section=\u00bbno\u00bb type=\u00bbfull_width\u00bb text_align=\u00bbleft\u00bb background_animation=\u00bbnone\u00bb css_animation=\u00bb\u00bb][vc_column][vc_column_text] Full service es nuestra f\u00f3rmula \u00abllave en mano\u00bb: desde la concepci\u00f3n del producto hasta su promoci\u00f3n, te seguimos en cada una de las fases de desarrollo: ded\u00edcate a la comercializaci\u00f3n del producto, nosotros nos encargamos del resto [\/vc_column_text][vc_separator&#8230;<\/p>\n","protected":false},"author":8,"featured_media":1166,"parent":0,"menu_order":0,"comment_status":"open","ping_status":"open","template":"","meta":{"footnotes":""},"class_list":["post-1397","page","type-page","status-publish","has-post-thumbnail","hentry"],"_links":{"self":[{"href":"https:\/\/staging.kosmetikal.it\/es\/wp-json\/wp\/v2\/pages\/1397","targetHints":{"allow":["GET"]}}],"collection":[{"href":"https:\/\/staging.kosmetikal.it\/es\/wp-json\/wp\/v2\/pages"}],"about":[{"href":"https:\/\/staging.kosmetikal.it\/es\/wp-json\/wp\/v2\/types\/page"}],"author":[{"embeddable":true,"href":"https:\/\/staging.kosmetikal.it\/es\/wp-json\/wp\/v2\/users\/8"}],"replies":[{"embeddable":true,"href":"https:\/\/staging.kosmetikal.it\/es\/wp-json\/wp\/v2\/comments?post=1397"}],"version-history":[{"count":5,"href":"https:\/\/staging.kosmetikal.it\/es\/wp-json\/wp\/v2\/pages\/1397\/revisions"}],"predecessor-version":[{"id":22617,"href":"https:\/\/staging.kosmetikal.it\/es\/wp-json\/wp\/v2\/pages\/1397\/revisions\/22617"}],"wp:featuredmedia":[{"embeddable":true,"href":"https:\/\/staging.kosmetikal.it\/es\/wp-json\/wp\/v2\/media\/1166"}],"wp:attachment":[{"href":"https:\/\/staging.kosmetikal.it\/es\/wp-json\/wp\/v2\/media?parent=1397"}],"curies":[{"name":"wp","href":"https:\/\/api.w.org\/{rel}","templated":true}]}}