{"id":1394,"date":"2013-12-16T23:43:56","date_gmt":"2013-12-16T22:43:56","guid":{"rendered":"https:\/\/www.kosmetikal.it\/wpdev03\/prodotti-kosmetikal-2.html"},"modified":"2025-01-30T18:58:31","modified_gmt":"2025-01-30T17:58:31","slug":"productos-kosmetikal","status":"publish","type":"page","link":"https:\/\/staging.kosmetikal.it\/es\/productos-kosmetikal.html","title":{"rendered":"Productos Kosmetikal"},"content":{"rendered":"<div class=\"wpb-content-wrapper\"><p>[vc_row row_type=\u00bbrow\u00bb use_row_as_full_screen_section=\u00bbno\u00bb type=\u00bbgrid\u00bb text_align=\u00bbleft\u00bb background_animation=\u00bbnone\u00bb css_animation=\u00bb\u00bb][vc_column][vc_empty_space][vc_column_text]<\/p>\n<h1 id=\"title_home\">PRODUCTOS KOSMETIKAL<\/h1>\n<p id=\"intro_home\">Somos capaces de desarrollar tanto f\u00f3rmulas naturales con materias primas altamente tecnol\u00f3gicas como productos biol\u00f3gicos y veganos.<\/p>\n<p>[\/vc_column_text][vc_separator type=\u00bbnormal\u00bb border_style=\u00bb\u00bb up=\u00bb20&#8243; down=\u00bb40&#8243;][vc_column_text]Todos los productos pueden personalizarse seg\u00fan el tipo de piel o cabello y en funci\u00f3n de las imperfecciones y problem\u00e1ticas a tratar, y se estudian de manera espec\u00edfica para las necesidades del cliente.<\/p>\n<h3><\/h3>\n<p>[\/vc_column_text][vc_empty_space][vc_separator type=\u00bbnormal\u00bb border_style=\u00bb\u00bb up=\u00bb20&#8243; down=\u00bb40&#8243;][vc_column_text]<\/p>\n<h3>Producimos productos naturales:<\/h3>\n<p>&nbsp;<\/p>\n<blockquote>\n<ul>\n<li>SIN PARABENOS, SLE\/SLES, PARAFINAS, SILICONAS, ACEITES MINERALES, COLORANTES SINT\u00c9TICOS, PEG<\/li>\n<li>SIN CONSERVANTES QUE FORMAN PARTE DEL ANEXO V<\/li>\n<li>NO TESTADO EN ANIMALES<\/li>\n<\/ul>\n<\/blockquote>\n<h3><\/h3>\n<p>[\/vc_column_text][vc_empty_space][\/vc_column][\/vc_row][vc_row row_type=\u00bbrow\u00bb use_row_as_full_screen_section=\u00bbno\u00bb type=\u00bbgrid\u00bb text_align=\u00bbleft\u00bb background_animation=\u00bbnone\u00bb css_animation=\u00bb\u00bb][vc_column]<div class='projects_holder_outer v4 portfolio_with_space portfolio_standard masonry_with_space pinterest_space qode-filter-position-top'>\n\t\t\n\t<div class='projects_holder clearfix v4 standard portfolio_default_image '>\n\t\t<article class=\"mix portfolio_category_399\">\n    <div class='image_holder default_hover'>\n        \n<span class='image'><img loading=\"lazy\" decoding=\"async\" width=\"305\" height=\"247\" src=\"https:\/\/staging.kosmetikal.it\/wp-content\/uploads\/2014\/12\/1-Creme-emulsioni-lozioni-gel-e-oli-per-la-pelle.jpg\" class=\"attachment-portfolio_masonry_with_space size-portfolio_masonry_with_space wp-post-image\" alt=\"Cosmetici linea viso\" srcset=\"https:\/\/staging.kosmetikal.it\/wp-content\/uploads\/2014\/12\/1-Creme-emulsioni-lozioni-gel-e-oli-per-la-pelle.jpg 305w, https:\/\/staging.kosmetikal.it\/wp-content\/uploads\/2014\/12\/1-Creme-emulsioni-lozioni-gel-e-oli-per-la-pelle-300x242.jpg 300w\" sizes=\"auto, (max-width: 305px) 100vw, 305px\" \/><\/span>\n        \n            <div class=\"portfolio_shader\"><\/div>\n\n            <div class=\"icons_holder\">\n\t<div class=\"icons_holder_inner\">\n\t\t\t\t\t<\/div>\n<\/div>\n            \n    <\/div>\n            <div class='portfolio_description  text_align_left' >\n                <h3 class=\"portfolio_title\" style=\"font-size: 22px;\"> Cremas, Emulsiones, Lociones, Geles y Aceites<\/h3>\n<h6 class=\"portfolio_subtitle\"> <\/h6>        <\/div>\n    \n<\/article>\n<article class=\"mix portfolio_category_399\">\n    <div class='image_holder default_hover'>\n        \n<span class='image'><img loading=\"lazy\" decoding=\"async\" width=\"305\" height=\"247\" src=\"https:\/\/staging.kosmetikal.it\/wp-content\/uploads\/2014\/12\/305x247-MSTER-21.jpg\" class=\"attachment-portfolio_masonry_with_space size-portfolio_masonry_with_space wp-post-image\" alt=\"\" srcset=\"https:\/\/staging.kosmetikal.it\/wp-content\/uploads\/2014\/12\/305x247-MSTER-21.jpg 305w, https:\/\/staging.kosmetikal.it\/wp-content\/uploads\/2014\/12\/305x247-MSTER-21-300x242.jpg 300w\" sizes=\"auto, (max-width: 305px) 100vw, 305px\" \/><\/span>\n        \n            <div class=\"portfolio_shader\"><\/div>\n\n            <div class=\"icons_holder\">\n\t<div class=\"icons_holder_inner\">\n\t\t\t\t\t<\/div>\n<\/div>\n            \n    <\/div>\n            <div class='portfolio_description  text_align_left' >\n                <h3 class=\"portfolio_title\" style=\"font-size: 22px;\"> Aceites para Masajes, Esenciales, Puros<\/h3>\n<h6 class=\"portfolio_subtitle\"> <\/h6>        <\/div>\n    \n<\/article>\n<article class=\"mix portfolio_category_399\">\n    <div class='image_holder default_hover'>\n        \n<span class='image'><img loading=\"lazy\" decoding=\"async\" width=\"305\" height=\"247\" src=\"https:\/\/staging.kosmetikal.it\/wp-content\/uploads\/2014\/12\/17-Fanghi-e-sali.jpg\" class=\"attachment-portfolio_masonry_with_space size-portfolio_masonry_with_space wp-post-image\" alt=\"Produzione fanghi scrub e sali\" srcset=\"https:\/\/staging.kosmetikal.it\/wp-content\/uploads\/2014\/12\/17-Fanghi-e-sali.jpg 305w, https:\/\/staging.kosmetikal.it\/wp-content\/uploads\/2014\/12\/17-Fanghi-e-sali-300x242.jpg 300w\" sizes=\"auto, (max-width: 305px) 100vw, 305px\" \/><\/span>\n        \n            <div class=\"portfolio_shader\"><\/div>\n\n            <div class=\"icons_holder\">\n\t<div class=\"icons_holder_inner\">\n\t\t\t\t\t<\/div>\n<\/div>\n            \n    <\/div>\n            <div class='portfolio_description  text_align_left' >\n                <h3 class=\"portfolio_title\" style=\"font-size: 22px;\"> Lodos y Exfoliantes Corporales y Sales<\/h3>\n<h6 class=\"portfolio_subtitle\"> <\/h6>        <\/div>\n    \n<\/article>\n<article class=\"mix portfolio_category_399\">\n    <div class='image_holder default_hover'>\n        \n<span class='image'><img loading=\"lazy\" decoding=\"async\" width=\"305\" height=\"247\" src=\"https:\/\/staging.kosmetikal.it\/wp-content\/uploads\/2014\/12\/16-Prodotti-per-bambini.jpg\" class=\"attachment-portfolio_masonry_with_space size-portfolio_masonry_with_space wp-post-image\" alt=\"Prodotti per bambini\" srcset=\"https:\/\/staging.kosmetikal.it\/wp-content\/uploads\/2014\/12\/16-Prodotti-per-bambini.jpg 305w, https:\/\/staging.kosmetikal.it\/wp-content\/uploads\/2014\/12\/16-Prodotti-per-bambini-300x242.jpg 300w\" sizes=\"auto, (max-width: 305px) 100vw, 305px\" \/><\/span>\n        \n            <div class=\"portfolio_shader\"><\/div>\n\n            <div class=\"icons_holder\">\n\t<div class=\"icons_holder_inner\">\n\t\t\t\t\t<\/div>\n<\/div>\n            \n    <\/div>\n            <div class='portfolio_description  text_align_left' >\n                <h3 class=\"portfolio_title\" style=\"font-size: 22px;\"> Productos para Ni\u00f1os<\/h3>\n<h6 class=\"portfolio_subtitle\"> <\/h6>        <\/div>\n    \n<\/article>\n<article class=\"mix portfolio_category_399\">\n    <div class='image_holder default_hover'>\n        \n<span class='image'><img loading=\"lazy\" decoding=\"async\" width=\"305\" height=\"247\" src=\"https:\/\/staging.kosmetikal.it\/wp-content\/uploads\/2014\/12\/15-Prodotti-per-schiarire-la-pelle.jpg\" class=\"attachment-portfolio_masonry_with_space size-portfolio_masonry_with_space wp-post-image\" alt=\"Schiarenti pelle\" srcset=\"https:\/\/staging.kosmetikal.it\/wp-content\/uploads\/2014\/12\/15-Prodotti-per-schiarire-la-pelle.jpg 305w, https:\/\/staging.kosmetikal.it\/wp-content\/uploads\/2014\/12\/15-Prodotti-per-schiarire-la-pelle-300x242.jpg 300w\" sizes=\"auto, (max-width: 305px) 100vw, 305px\" \/><\/span>\n        \n            <div class=\"portfolio_shader\"><\/div>\n\n            <div class=\"icons_holder\">\n\t<div class=\"icons_holder_inner\">\n\t\t\t\t\t<\/div>\n<\/div>\n            \n    <\/div>\n            <div class='portfolio_description  text_align_left' >\n                <h3 class=\"portfolio_title\" style=\"font-size: 22px;\"> Productos para Blanquear la Piel<\/h3>\n<h6 class=\"portfolio_subtitle\"> <\/h6>        <\/div>\n    \n<\/article>\n<article class=\"mix portfolio_category_399\">\n    <div class='image_holder default_hover'>\n        \n<span class='image'><img loading=\"lazy\" decoding=\"async\" width=\"305\" height=\"247\" src=\"https:\/\/staging.kosmetikal.it\/wp-content\/uploads\/2014\/12\/305x247-MSTER-23.jpg\" class=\"attachment-portfolio_masonry_with_space size-portfolio_masonry_with_space wp-post-image\" alt=\"\" srcset=\"https:\/\/staging.kosmetikal.it\/wp-content\/uploads\/2014\/12\/305x247-MSTER-23.jpg 305w, https:\/\/staging.kosmetikal.it\/wp-content\/uploads\/2014\/12\/305x247-MSTER-23-300x242.jpg 300w\" sizes=\"auto, (max-width: 305px) 100vw, 305px\" \/><\/span>\n        \n            <div class=\"portfolio_shader\"><\/div>\n\n            <div class=\"icons_holder\">\n\t<div class=\"icons_holder_inner\">\n\t\t\t\t\t<\/div>\n<\/div>\n            \n    <\/div>\n            <div class='portfolio_description  text_align_left' >\n                <h3 class=\"portfolio_title\" style=\"font-size: 22px;\"> Productos Solares<\/h3>\n<h6 class=\"portfolio_subtitle\"> <\/h6>        <\/div>\n    \n<\/article>\n<article class=\"mix portfolio_category_399\">\n    <div class='image_holder default_hover'>\n        \n<span class='image'><img loading=\"lazy\" decoding=\"async\" width=\"305\" height=\"247\" src=\"https:\/\/staging.kosmetikal.it\/wp-content\/uploads\/2014\/12\/13-Prodotti-per-ligiene-intima-esterna.jpg\" class=\"attachment-portfolio_masonry_with_space size-portfolio_masonry_with_space wp-post-image\" alt=\"prodotti per l&#039;igiene intima esterna\" srcset=\"https:\/\/staging.kosmetikal.it\/wp-content\/uploads\/2014\/12\/13-Prodotti-per-ligiene-intima-esterna.jpg 305w, https:\/\/staging.kosmetikal.it\/wp-content\/uploads\/2014\/12\/13-Prodotti-per-ligiene-intima-esterna-300x242.jpg 300w\" sizes=\"auto, (max-width: 305px) 100vw, 305px\" \/><\/span>\n        \n            <div class=\"portfolio_shader\"><\/div>\n\n            <div class=\"icons_holder\">\n\t<div class=\"icons_holder_inner\">\n\t\t\t\t\t<\/div>\n<\/div>\n            \n    <\/div>\n            <div class='portfolio_description  text_align_left' >\n                <h3 class=\"portfolio_title\" style=\"font-size: 22px;\"> Productos para la Higiene \u00edntima externa<\/h3>\n<h6 class=\"portfolio_subtitle\"> <\/h6>        <\/div>\n    \n<\/article>\n<article class=\"mix portfolio_category_399\">\n    <div class='image_holder default_hover'>\n        \n<span class='image'><img loading=\"lazy\" decoding=\"async\" width=\"304\" height=\"249\" src=\"https:\/\/staging.kosmetikal.it\/wp-content\/uploads\/2014\/12\/305x247-MSTER-14.jpg\" class=\"attachment-portfolio_masonry_with_space size-portfolio_masonry_with_space wp-post-image\" alt=\"\" srcset=\"https:\/\/staging.kosmetikal.it\/wp-content\/uploads\/2014\/12\/305x247-MSTER-14.jpg 304w, https:\/\/staging.kosmetikal.it\/wp-content\/uploads\/2014\/12\/305x247-MSTER-14-300x245.jpg 300w\" sizes=\"auto, (max-width: 304px) 100vw, 304px\" \/><\/span>\n        \n            <div class=\"portfolio_shader\"><\/div>\n\n            <div class=\"icons_holder\">\n\t<div class=\"icons_holder_inner\">\n\t\t\t\t\t<\/div>\n<\/div>\n            \n    <\/div>\n            <div class='portfolio_description  text_align_left' >\n                <h3 class=\"portfolio_title\" style=\"font-size: 22px;\"> Higiene de los Dientes y la Boca<\/h3>\n<h6 class=\"portfolio_subtitle\"> <\/h6>        <\/div>\n    \n<\/article>\n<article class=\"mix portfolio_category_399\">\n    <div class='image_holder default_hover'>\n        \n<span class='image'><img loading=\"lazy\" decoding=\"async\" width=\"304\" height=\"249\" src=\"https:\/\/staging.kosmetikal.it\/wp-content\/uploads\/2014\/12\/305x247-MSTER-15.jpg\" class=\"attachment-portfolio_masonry_with_space size-portfolio_masonry_with_space wp-post-image\" alt=\"\" srcset=\"https:\/\/staging.kosmetikal.it\/wp-content\/uploads\/2014\/12\/305x247-MSTER-15.jpg 304w, https:\/\/staging.kosmetikal.it\/wp-content\/uploads\/2014\/12\/305x247-MSTER-15-300x245.jpg 300w\" sizes=\"auto, (max-width: 304px) 100vw, 304px\" \/><\/span>\n        \n            <div class=\"portfolio_shader\"><\/div>\n\n            <div class=\"icons_holder\">\n\t<div class=\"icons_holder_inner\">\n\t\t\t\t\t<\/div>\n<\/div>\n            \n    <\/div>\n            <div class='portfolio_description  text_align_left' >\n                <h3 class=\"portfolio_title\" style=\"font-size: 22px;\"> Productos para Labios y Ojos<\/h3>\n<h6 class=\"portfolio_subtitle\"> <\/h6>        <\/div>\n    \n<\/article>\n<article class=\"mix portfolio_category_399\">\n    <div class='image_holder default_hover'>\n        \n<span class='image'><img loading=\"lazy\" decoding=\"async\" width=\"305\" height=\"247\" src=\"https:\/\/staging.kosmetikal.it\/wp-content\/uploads\/2014\/12\/305x247-MSTER-13.jpg\" class=\"attachment-portfolio_masonry_with_space size-portfolio_masonry_with_space wp-post-image\" alt=\"\" srcset=\"https:\/\/staging.kosmetikal.it\/wp-content\/uploads\/2014\/12\/305x247-MSTER-13.jpg 305w, https:\/\/staging.kosmetikal.it\/wp-content\/uploads\/2014\/12\/305x247-MSTER-13-300x242.jpg 300w\" sizes=\"auto, (max-width: 305px) 100vw, 305px\" \/><\/span>\n        \n            <div class=\"portfolio_shader\"><\/div>\n\n            <div class=\"icons_holder\">\n\t<div class=\"icons_holder_inner\">\n\t\t\t\t\t<\/div>\n<\/div>\n            \n    <\/div>\n            <div class='portfolio_description  text_align_left' >\n                <h3 class=\"portfolio_title\" style=\"font-size: 22px;\"> Limpieza de Rostro y Ojos<\/h3>\n<h6 class=\"portfolio_subtitle\"> <\/h6>        <\/div>\n    \n<\/article>\n<article class=\"mix portfolio_category_399\">\n    <div class='image_holder default_hover'>\n        \n<span class='image'><img loading=\"lazy\" decoding=\"async\" width=\"305\" height=\"247\" src=\"https:\/\/staging.kosmetikal.it\/wp-content\/uploads\/2014\/12\/9-Shampoo-e-condizionanti-per-capelli.jpg\" class=\"attachment-portfolio_masonry_with_space size-portfolio_masonry_with_space wp-post-image\" alt=\"produciamo shampoo e condizionanti per capelli\" srcset=\"https:\/\/staging.kosmetikal.it\/wp-content\/uploads\/2014\/12\/9-Shampoo-e-condizionanti-per-capelli.jpg 305w, https:\/\/staging.kosmetikal.it\/wp-content\/uploads\/2014\/12\/9-Shampoo-e-condizionanti-per-capelli-300x242.jpg 300w\" sizes=\"auto, (max-width: 305px) 100vw, 305px\" \/><\/span>\n        \n            <div class=\"portfolio_shader\"><\/div>\n\n            <div class=\"icons_holder\">\n\t<div class=\"icons_holder_inner\">\n\t\t\t\t\t<\/div>\n<\/div>\n            \n    <\/div>\n            <div class='portfolio_description  text_align_left' >\n                <h3 class=\"portfolio_title\" style=\"font-size: 22px;\"> Champ\u00fa y Acondicionador para el Cabello<\/h3>\n<h6 class=\"portfolio_subtitle\"> <\/h6>        <\/div>\n    \n<\/article>\n<article class=\"mix portfolio_category_399\">\n    <div class='image_holder default_hover'>\n        \n<span class='image'><img loading=\"lazy\" decoding=\"async\" width=\"305\" height=\"247\" src=\"https:\/\/staging.kosmetikal.it\/wp-content\/uploads\/2014\/12\/8-Prodotti-di-styling-per-capelli.jpg\" class=\"attachment-portfolio_masonry_with_space size-portfolio_masonry_with_space wp-post-image\" alt=\"Prodotti di styling per capelli\" srcset=\"https:\/\/staging.kosmetikal.it\/wp-content\/uploads\/2014\/12\/8-Prodotti-di-styling-per-capelli.jpg 305w, https:\/\/staging.kosmetikal.it\/wp-content\/uploads\/2014\/12\/8-Prodotti-di-styling-per-capelli-300x242.jpg 300w\" sizes=\"auto, (max-width: 305px) 100vw, 305px\" \/><\/span>\n        \n            <div class=\"portfolio_shader\"><\/div>\n\n            <div class=\"icons_holder\">\n\t<div class=\"icons_holder_inner\">\n\t\t\t\t\t<\/div>\n<\/div>\n            \n    <\/div>\n            <div class='portfolio_description  text_align_left' >\n                <h3 class=\"portfolio_title\" style=\"font-size: 22px;\"> Productos de Styling para el Cabello<\/h3>\n<h6 class=\"portfolio_subtitle\"> <\/h6>        <\/div>\n    \n<\/article>\n<article class=\"mix portfolio_category_399\">\n    <div class='image_holder default_hover'>\n        \n<span class='image'><img loading=\"lazy\" decoding=\"async\" width=\"304\" height=\"249\" src=\"https:\/\/staging.kosmetikal.it\/wp-content\/uploads\/2014\/12\/7-Depilatori.jpg\" class=\"attachment-portfolio_masonry_with_space size-portfolio_masonry_with_space wp-post-image\" alt=\"Depilatori\" srcset=\"https:\/\/staging.kosmetikal.it\/wp-content\/uploads\/2014\/12\/7-Depilatori.jpg 304w, https:\/\/staging.kosmetikal.it\/wp-content\/uploads\/2014\/12\/7-Depilatori-300x245.jpg 300w\" sizes=\"auto, (max-width: 304px) 100vw, 304px\" \/><\/span>\n        \n            <div class=\"portfolio_shader\"><\/div>\n\n            <div class=\"icons_holder\">\n\t<div class=\"icons_holder_inner\">\n\t\t\t\t\t<\/div>\n<\/div>\n            \n    <\/div>\n            <div class='portfolio_description  text_align_left' >\n                <h3 class=\"portfolio_title\" style=\"font-size: 22px;\"> Productos para Depilaci\u00f3n<\/h3>\n<h6 class=\"portfolio_subtitle\"> <\/h6>        <\/div>\n    \n<\/article>\n<article class=\"mix portfolio_category_399\">\n    <div class='image_holder default_hover'>\n        \n<span class='image'><img loading=\"lazy\" decoding=\"async\" width=\"305\" height=\"247\" src=\"https:\/\/staging.kosmetikal.it\/wp-content\/uploads\/2014\/12\/6-Deodoranti-e-antitraspiranti.jpg\" class=\"attachment-portfolio_masonry_with_space size-portfolio_masonry_with_space wp-post-image\" alt=\"Deodoranti traspiranti e antiodoranti\" srcset=\"https:\/\/staging.kosmetikal.it\/wp-content\/uploads\/2014\/12\/6-Deodoranti-e-antitraspiranti.jpg 305w, https:\/\/staging.kosmetikal.it\/wp-content\/uploads\/2014\/12\/6-Deodoranti-e-antitraspiranti-300x242.jpg 300w\" sizes=\"auto, (max-width: 305px) 100vw, 305px\" \/><\/span>\n        \n            <div class=\"portfolio_shader\"><\/div>\n\n            <div class=\"icons_holder\">\n\t<div class=\"icons_holder_inner\">\n\t\t\t\t\t<\/div>\n<\/div>\n            \n    <\/div>\n            <div class='portfolio_description  text_align_left' >\n                <h3 class=\"portfolio_title\" style=\"font-size: 22px;\"> Desodorantes y Productos Antiolor<\/h3>\n<h6 class=\"portfolio_subtitle\"> <\/h6>        <\/div>\n    \n<\/article>\n<article class=\"mix portfolio_category_399\">\n    <div class='image_holder default_hover'>\n        \n<span class='image'><img loading=\"lazy\" decoding=\"async\" width=\"305\" height=\"247\" src=\"https:\/\/staging.kosmetikal.it\/wp-content\/uploads\/2014\/12\/5-Profumi-acque-da-toeletta-e-di-Colonia.jpg\" class=\"attachment-portfolio_masonry_with_space size-portfolio_masonry_with_space wp-post-image\" alt=\"Fragranze, profumi d&#039;acqua, acqua di colonia\" srcset=\"https:\/\/staging.kosmetikal.it\/wp-content\/uploads\/2014\/12\/5-Profumi-acque-da-toeletta-e-di-Colonia.jpg 305w, https:\/\/staging.kosmetikal.it\/wp-content\/uploads\/2014\/12\/5-Profumi-acque-da-toeletta-e-di-Colonia-300x242.jpg 300w\" sizes=\"auto, (max-width: 305px) 100vw, 305px\" \/><\/span>\n        \n            <div class=\"portfolio_shader\"><\/div>\n\n            <div class=\"icons_holder\">\n\t<div class=\"icons_holder_inner\">\n\t\t\t\t\t<\/div>\n<\/div>\n            \n    <\/div>\n            <div class='portfolio_description  text_align_left' >\n                <h3 class=\"portfolio_title\" style=\"font-size: 22px;\"> Perfumes, Eau de Toilette y Agua de Colonia<\/h3>\n<h6 class=\"portfolio_subtitle\"> <\/h6>        <\/div>\n    \n<\/article>\n<article class=\"mix portfolio_category_399\">\n    <div class='image_holder default_hover'>\n        \n<span class='image'><img loading=\"lazy\" decoding=\"async\" width=\"305\" height=\"247\" src=\"https:\/\/staging.kosmetikal.it\/wp-content\/uploads\/2014\/12\/305x247-MSTER-8.jpg\" class=\"attachment-portfolio_masonry_with_space size-portfolio_masonry_with_space wp-post-image\" alt=\"\" srcset=\"https:\/\/staging.kosmetikal.it\/wp-content\/uploads\/2014\/12\/305x247-MSTER-8.jpg 305w, https:\/\/staging.kosmetikal.it\/wp-content\/uploads\/2014\/12\/305x247-MSTER-8-300x242.jpg 300w\" sizes=\"auto, (max-width: 305px) 100vw, 305px\" \/><\/span>\n        \n            <div class=\"portfolio_shader\"><\/div>\n\n            <div class=\"icons_holder\">\n\t<div class=\"icons_holder_inner\">\n\t\t\t\t\t<\/div>\n<\/div>\n            \n    <\/div>\n            <div class='portfolio_description  text_align_left' >\n                <h3 class=\"portfolio_title\" style=\"font-size: 22px;\"> Preparaciones Para Ba\u00f1os y Duchas<\/h3>\n<h6 class=\"portfolio_subtitle\"> <\/h6>        <\/div>\n    \n<\/article>\n<article class=\"mix portfolio_category_399\">\n    <div class='image_holder default_hover'>\n        \n<span class='image'><img loading=\"lazy\" decoding=\"async\" width=\"305\" height=\"247\" src=\"https:\/\/staging.kosmetikal.it\/wp-content\/uploads\/2014\/12\/3-Prodotti-antirughe.jpg\" class=\"attachment-portfolio_masonry_with_space size-portfolio_masonry_with_space wp-post-image\" alt=\"Realizzazione Prodotti antirughe\" srcset=\"https:\/\/staging.kosmetikal.it\/wp-content\/uploads\/2014\/12\/3-Prodotti-antirughe.jpg 305w, https:\/\/staging.kosmetikal.it\/wp-content\/uploads\/2014\/12\/3-Prodotti-antirughe-300x242.jpg 300w\" sizes=\"auto, (max-width: 305px) 100vw, 305px\" \/><\/span>\n        \n            <div class=\"portfolio_shader\"><\/div>\n\n            <div class=\"icons_holder\">\n\t<div class=\"icons_holder_inner\">\n\t\t\t\t\t<\/div>\n<\/div>\n            \n    <\/div>\n            <div class='portfolio_description  text_align_left' >\n                <h3 class=\"portfolio_title\" style=\"font-size: 22px;\"> Productos Antiarrugas<\/h3>\n<h6 class=\"portfolio_subtitle\"> <\/h6>        <\/div>\n    \n<\/article>\n<article class=\"mix portfolio_category_399\">\n    <div class='image_holder default_hover'>\n        \n<span class='image'><img loading=\"lazy\" decoding=\"async\" width=\"305\" height=\"247\" src=\"https:\/\/staging.kosmetikal.it\/wp-content\/uploads\/2014\/12\/2-Maschere-di-bellezza.jpg\" class=\"attachment-portfolio_masonry_with_space size-portfolio_masonry_with_space wp-post-image\" alt=\"Produzione Maschere di bellezza ed esfolianti\" srcset=\"https:\/\/staging.kosmetikal.it\/wp-content\/uploads\/2014\/12\/2-Maschere-di-bellezza.jpg 305w, https:\/\/staging.kosmetikal.it\/wp-content\/uploads\/2014\/12\/2-Maschere-di-bellezza-300x242.jpg 300w\" sizes=\"auto, (max-width: 305px) 100vw, 305px\" \/><\/span>\n        \n            <div class=\"portfolio_shader\"><\/div>\n\n            <div class=\"icons_holder\">\n\t<div class=\"icons_holder_inner\">\n\t\t\t\t\t<\/div>\n<\/div>\n            \n    <\/div>\n            <div class='portfolio_description  text_align_left' >\n                <h3 class=\"portfolio_title\" style=\"font-size: 22px;\"> M\u00e1scaras y Exfoliantes de belleza<\/h3>\n<h6 class=\"portfolio_subtitle\"> <\/h6>        <\/div>\n    \n<\/article>\n<article class=\"mix portfolio_category_399\">\n    <div class='image_holder default_hover'>\n        \n<span class='image'><img loading=\"lazy\" decoding=\"async\" width=\"305\" height=\"247\" src=\"https:\/\/staging.kosmetikal.it\/wp-content\/uploads\/2014\/12\/1-Creme-emulsioni-lozioni-gel-e-oli-per-la-pelle.jpg\" class=\"attachment-portfolio_masonry_with_space size-portfolio_masonry_with_space wp-post-image\" alt=\"Cosmetici linea viso\" srcset=\"https:\/\/staging.kosmetikal.it\/wp-content\/uploads\/2014\/12\/1-Creme-emulsioni-lozioni-gel-e-oli-per-la-pelle.jpg 305w, https:\/\/staging.kosmetikal.it\/wp-content\/uploads\/2014\/12\/1-Creme-emulsioni-lozioni-gel-e-oli-per-la-pelle-300x242.jpg 300w\" sizes=\"auto, (max-width: 305px) 100vw, 305px\" \/><\/span>\n        \n            <div class=\"portfolio_shader\"><\/div>\n\n            <div class=\"icons_holder\">\n\t<div class=\"icons_holder_inner\">\n\t\t\t\t\t<\/div>\n<\/div>\n            \n    <\/div>\n            <div class='portfolio_description  text_align_left' >\n                <h3 class=\"portfolio_title\" style=\"font-size: 22px;\"> Cremas, Emulsiones, Lociones, Geles corporales<\/h3>\n<h6 class=\"portfolio_subtitle\"> <\/h6>        <\/div>\n    \n<\/article>\n\t\t\t\t\t<div class='filler'><\/div>\n\t\t\t\t\t\t\t\t\t<div class='filler'><\/div>\n\t\t\t\t\t\t\t\t\t<div class='filler'><\/div>\n\t\t\t\t\t\t\t\t\t<div class='filler'><\/div>\n\t\t\t\t\t<\/div>\n\t<\/div>\n[\/vc_column][\/vc_row]<\/p>\n<\/div>","protected":false},"excerpt":{"rendered":"<p>[vc_row row_type=\u00bbrow\u00bb use_row_as_full_screen_section=\u00bbno\u00bb type=\u00bbgrid\u00bb text_align=\u00bbleft\u00bb background_animation=\u00bbnone\u00bb css_animation=\u00bb\u00bb][vc_column][vc_empty_space][vc_column_text] PRODUCTOS KOSMETIKAL Somos capaces de desarrollar tanto f\u00f3rmulas naturales con materias primas altamente tecnol\u00f3gicas como productos biol\u00f3gicos y veganos. [\/vc_column_text][vc_separator type=\u00bbnormal\u00bb border_style=\u00bb\u00bb up=\u00bb20&#8243; down=\u00bb40&#8243;][vc_column_text]Todos los productos pueden personalizarse seg\u00fan el tipo de piel o cabello y en funci\u00f3n&#8230;<\/p>\n","protected":false},"author":8,"featured_media":1124,"parent":0,"menu_order":0,"comment_status":"open","ping_status":"open","template":"full_width.php","meta":{"footnotes":""},"class_list":["post-1394","page","type-page","status-publish","has-post-thumbnail","hentry"],"_links":{"self":[{"href":"https:\/\/staging.kosmetikal.it\/es\/wp-json\/wp\/v2\/pages\/1394","targetHints":{"allow":["GET"]}}],"collection":[{"href":"https:\/\/staging.kosmetikal.it\/es\/wp-json\/wp\/v2\/pages"}],"about":[{"href":"https:\/\/staging.kosmetikal.it\/es\/wp-json\/wp\/v2\/types\/page"}],"author":[{"embeddable":true,"href":"https:\/\/staging.kosmetikal.it\/es\/wp-json\/wp\/v2\/users\/8"}],"replies":[{"embeddable":true,"href":"https:\/\/staging.kosmetikal.it\/es\/wp-json\/wp\/v2\/comments?post=1394"}],"version-history":[{"count":6,"href":"https:\/\/staging.kosmetikal.it\/es\/wp-json\/wp\/v2\/pages\/1394\/revisions"}],"predecessor-version":[{"id":27253,"href":"https:\/\/staging.kosmetikal.it\/es\/wp-json\/wp\/v2\/pages\/1394\/revisions\/27253"}],"wp:featuredmedia":[{"embeddable":true,"href":"https:\/\/staging.kosmetikal.it\/es\/wp-json\/wp\/v2\/media\/1124"}],"wp:attachment":[{"href":"https:\/\/staging.kosmetikal.it\/es\/wp-json\/wp\/v2\/media?parent=1394"}],"curies":[{"name":"wp","href":"https:\/\/api.w.org\/{rel}","templated":true}]}}