{"id":1387,"date":"2014-01-24T12:06:30","date_gmt":"2014-01-24T11:06:30","guid":{"rendered":"https:\/\/www.kosmetikal.it\/wpdev03\/ricerca-e-sviluppo-2.html"},"modified":"2022-06-23T17:01:13","modified_gmt":"2022-06-23T15:01:13","slug":"investigacion-y-desarollo","status":"publish","type":"page","link":"https:\/\/staging.kosmetikal.it\/es\/investigacion-y-desarollo.html","title":{"rendered":"INVESTIGACI\u00d3N Y DESARROLLO"},"content":{"rendered":"<div class=\"wpb-content-wrapper\"><p>[vc_row row_type=\u00bbrow\u00bb use_row_as_full_screen_section=\u00bbno\u00bb type=\u00bbfull_width\u00bb text_align=\u00bbleft\u00bb background_animation=\u00bbnone\u00bb css_animation=\u00bb\u00bb][vc_column][vc_column_text]<\/p>\n<h3>En el laboratorio de investigaci\u00f3n y desarrollo se eval\u00faan las nuevas materias primas y se estudian las nuevas f\u00f3rmulas. Adem\u00e1s, se gestionan todas las fases de desarrollo de los nuevos proyectos, como la puesta a punto de los prototipos y los muestrarios.<\/h3>\n<p>[\/vc_column_text][vc_separator type=\u00bbnormal\u00bb border_style=\u00bb\u00bb up=\u00bb20&#8243; down=\u00bb40&#8243;][vc_accordion active_tab=\u00bb1&#8243; style=\u00bbtoggle\u00bb][vc_accordion_tab title=\u00bb<u>INVESTIGACI\u00d3N<\/u><u> Y DESARROLLO<\/u>\u00bb title_tag=\u00bbh3&#8243;][vc_column_text]Contamos con un personal altamente cualificado y con una amplia experiencia en el sector, que ha permitido a Kosmetikal convertirse en un punto de referencia para el desarrollo de nuevos productos modernos e innovadores.<\/p>\n<p>Gracias a la competencia y curiosidad de nuestros t\u00e9cnicos cosmet\u00f3logos, somos capaces de llevar a cabo todo tipo de encargos, desde la consultor\u00eda al desarrollo de f\u00f3rmulas de nuevos proyectos hasta la fase de producci\u00f3n.<\/p>\n<p>El laboratorio est\u00e1 equipado con agitadores de varilla, varias planchas magn\u00e9ticas calentadoras y al ba\u00f1o Mar\u00eda, as\u00ed como homogeneizadores Silverson, una serie de b\u00e1sculas de diferente capacidad, viscos\u00edmetros, pHmetros y frigotermostatos. Tambi\u00e9n contamos con departamento de an\u00e1lisis microbiol\u00f3gicos y una zona de envasado y etiquetado espec\u00edfico para los muestrarios.<\/p>\n<hr \/>\n<h4>KOSMETIKAL ES TU SOCIO PRIVILEGIADO A LA HORA DE RESPONDER EN CUALQUIER MOMENTO A LAS NECESIDADES M\u00c1S DISPARES EN CAMPO COSMETOL\u00d3GICO.<\/h4>\n<p>[\/vc_column_text][\/vc_accordion_tab][vc_accordion_tab title=\u00bbFORMULACI\u00d3N\u00bb title_tag=\u00bbh3&#8243;][vc_column_text]<\/p>\n<h4>TIENES UNA IDEA PARA UN NUEVO PRODUCTO COSM\u00c9TICO? LA REALIZAMOS PARA TI!<\/h4>\n<hr \/>\n<h5>DESARROLLAMOS F\u00d3RMULAS INNOVADORAS, NATURALES Y CERTIFICABLES BIOL\u00d3GICAS: REALIZAMOS EL PRODUCTO SEG\u00daN TUS NECESIDADES, RESPETANDO UNOS ELEVADOS EST\u00c1NDARES DE SEGURIDAD Y CALIDAD.<\/h5>\n<p>Realizamos el producto cosm\u00e9tico y llevamos a cabo el seguimiento de todas sus fases: concordamos contigo sus caracter\u00edsticas b\u00e1sicas, creamos las f\u00f3rmulas, producimos muestrarios y realizamos pruebas de estabilidad para comprobar el respeto de los est\u00e1ndares y tus requerimientos. As\u00ed pues, partiendo desde tu idea, te entregamos los primeros prototipos, para que nos hagas llegar tus comentarios y podamos trabajar juntos para perfeccionarlos hasta redactar el Documento Informativo del Producto (PIF).<\/p>\n<h4>LA IDEA ES TUYA, NOSOTROS NOS ENCARGAMOS DEL RESTO.<\/h4>\n<p>[\/vc_column_text][\/vc_accordion_tab][vc_accordion_tab title=\u00bbCONTROL DE CALIDAD\u00bb title_tag=\u00bbh3&#8243;][vc_column_text]<\/p>\n<h4>NUESTROS PRODUCTOS SE FABRICAN RESPETANDO PLENAMENTE LA NORMATIVA EUROPEA VIGENTE.<\/h4>\n<hr \/>\n<h4>CONTROLAMOS LA CADENA DE PRODUCCI\u00d3N:<\/h4>\n<p>Cada una de las materias primas debe estar conforme a los est\u00e1ndares de calidad. As\u00ed pues, nuestro departamento de control de calidad la comprueba en cuanto llega a nuestros almacenes mediante an\u00e1lisis f\u00edsico-qu\u00edmicos y conservando un lote muestrario durante 3 a\u00f1os, y solo tras haber verificado su uso se incorpora a la cadena de producci\u00f3n.<\/p>\n<p>Por cada producci\u00f3n comprobamos la conformidad del lote con an\u00e1lisis qu\u00edmico-f\u00edsicos y microbiol\u00f3gicos antes de proceder a su envasado y env\u00edo.<\/p>\n<p>Comprobamos la conformidad de cada envase y conservamos una muestra del mismo para garantizar su trazabilidad.<\/p>\n<p>Adem\u00e1s, hemos desarrollado un nuevo sistema interno de gesti\u00f3n de calidad que ser\u00e1 certificado en breve.<\/p>\n<h4>CALIDAD GARANTIZADA!<\/h4>\n<p>[\/vc_column_text][\/vc_accordion_tab][vc_accordion_tab title=\u00bbTEST Y AN\u00c1LISIS\u00bb title_tag=\u00bbh3&#8243;][vc_column_text]Adem\u00e1s de realizar test internos qu\u00edmico-f\u00edsicos y microbiol\u00f3gicos, contamos con la colaboraci\u00f3n de laboratorios externos acreditados para la realizaci\u00f3n de <em>test challenge<\/em>, tolerancia cut\u00e1nea, test dermatol\u00f3gicos, test de localizaci\u00f3n de metales pesados, etc&#8230;[\/vc_column_text][\/vc_accordion_tab][\/vc_accordion][vc_separator type=\u00bbnormal\u00bb border_style=\u00bb\u00bb][\/vc_column][\/vc_row][vc_row row_type=\u00bbrow\u00bb use_row_as_full_screen_section=\u00bbno\u00bb type=\u00bbfull_width\u00bb text_align=\u00bbleft\u00bb background_animation=\u00bbnone\u00bb css_animation=\u00bb\u00bb][vc_column][vc_row_inner row_type=\u00bbrow\u00bb type=\u00bbfull_width\u00bb use_row_as_full_screen_section_slide=\u00bbno\u00bb text_align=\u00bbleft\u00bb css_animation=\u00bb\u00bb][vc_column_inner][vc_empty_space][\/vc_column_inner][\/vc_row_inner][\/vc_column][\/vc_row]<\/p>\n<\/div>","protected":false},"excerpt":{"rendered":"<p>[vc_row row_type=\u00bbrow\u00bb use_row_as_full_screen_section=\u00bbno\u00bb type=\u00bbfull_width\u00bb text_align=\u00bbleft\u00bb background_animation=\u00bbnone\u00bb css_animation=\u00bb\u00bb][vc_column][vc_column_text] En el laboratorio de investigaci\u00f3n y desarrollo se eval\u00faan las nuevas materias primas y se estudian las nuevas f\u00f3rmulas. Adem\u00e1s, se gestionan todas las fases de desarrollo de los nuevos proyectos, como la puesta a punto de los&#8230;<\/p>\n","protected":false},"author":8,"featured_media":1093,"parent":0,"menu_order":0,"comment_status":"open","ping_status":"open","template":"","meta":{"footnotes":""},"class_list":["post-1387","page","type-page","status-publish","has-post-thumbnail","hentry"],"_links":{"self":[{"href":"https:\/\/staging.kosmetikal.it\/es\/wp-json\/wp\/v2\/pages\/1387","targetHints":{"allow":["GET"]}}],"collection":[{"href":"https:\/\/staging.kosmetikal.it\/es\/wp-json\/wp\/v2\/pages"}],"about":[{"href":"https:\/\/staging.kosmetikal.it\/es\/wp-json\/wp\/v2\/types\/page"}],"author":[{"embeddable":true,"href":"https:\/\/staging.kosmetikal.it\/es\/wp-json\/wp\/v2\/users\/8"}],"replies":[{"embeddable":true,"href":"https:\/\/staging.kosmetikal.it\/es\/wp-json\/wp\/v2\/comments?post=1387"}],"version-history":[{"count":7,"href":"https:\/\/staging.kosmetikal.it\/es\/wp-json\/wp\/v2\/pages\/1387\/revisions"}],"predecessor-version":[{"id":23305,"href":"https:\/\/staging.kosmetikal.it\/es\/wp-json\/wp\/v2\/pages\/1387\/revisions\/23305"}],"wp:featuredmedia":[{"embeddable":true,"href":"https:\/\/staging.kosmetikal.it\/es\/wp-json\/wp\/v2\/media\/1093"}],"wp:attachment":[{"href":"https:\/\/staging.kosmetikal.it\/es\/wp-json\/wp\/v2\/media?parent=1387"}],"curies":[{"name":"wp","href":"https:\/\/api.w.org\/{rel}","templated":true}]}}