{"id":1385,"date":"2013-03-11T20:29:32","date_gmt":"2013-03-11T19:29:32","guid":{"rendered":"https:\/\/www.kosmetikal.it\/wpdev03\/produccion-de-cosmeticos-naturales-por-cuenta-de-terceros-2.html"},"modified":"2024-09-27T10:35:18","modified_gmt":"2024-09-27T08:35:18","slug":"produccion-de-cosmeticos-naturales-por-cuenta-de-terceros","status":"publish","type":"page","link":"https:\/\/staging.kosmetikal.it\/es\/produccion-de-cosmeticos-naturales-por-cuenta-de-terceros.html","title":{"rendered":"Empresa"},"content":{"rendered":"<div class=\"wpb-content-wrapper\"><p>[vc_row row_type=\u00bbrow\u00bb use_row_as_full_screen_section=\u00bbno\u00bb type=\u00bbgrid\u00bb text_align=\u00bbleft\u00bb css_animation=\u00bb\u00bb][vc_column][vc_column_text]<\/p>\n<h3>SOMOS UNA EMPRESA ATENTA Y FLEXIBLE, CON PERSONAL T\u00c9CNICO COMPETENTE Y DIN\u00c1MICO PARA\u00a0LA REALIZACI\u00d3N E IDEACI\u00d3N DE L\u00cdNEAS COSM\u00c9TICAS INNOVADORAS Y \u00daNICAS\u00a0EN SU ESTILO INCLUSO EN PEQUE\u00d1AS CANTIDADES.<\/h3>\n<h4><\/h4>\n<p>[\/vc_column_text][vc_separator type=\u00bbnormal\u00bb border_style=\u00bb\u00bb][vc_column_text]<\/p>\n<h4>Kosmetikal trabaja desde hace m\u00e1s de una d\u00e9cada por cuenta de terceros en el mundo de la cosm\u00e9tica.<\/h4>\n<p>La experiencia acumulada a lo largo de los a\u00f1os nos permite garantizar la m\u00e1xima calidad y seriedad en el desarrollo de productos para el cuidado y belleza de todo el cuerpo. Somos capaces de proporcionar estudios formulativos espec\u00edficos para las necesidades de cada cliente. Kosmetikal es una empresa atenta a los cambios del mercado, en continua evoluci\u00f3n, capaz de afrontar con \u00e9xito los nuevos retos.<\/p>\n<p>[\/vc_column_text][vc_empty_space][vc_column_text]<\/p>\n<h2>FILOSOF\u00ecA<\/h2>\n<p>[\/vc_column_text]<blockquote class='with_quote_icon' style=''><span class='icon_quotations_holder'><i class='q_font_elegant_icon icon_quotations' style=''><\/i><\/span><h3 class='blockquote_text' style=''><span>Otorgar a la piel lo que la piel conoce. GIANNI PROSERPIO<\/span><\/h3><\/blockquote>[vc_empty_space][vc_single_image image=\u00bb1718&#8243; img_size=\u00bblarge\u00bb qode_css_animation=\u00bb\u00bb][vc_empty_space][vc_separator type=\u00bbnormal\u00bb border_style=\u00bb\u00bb][vc_column_text]<\/p>\n<h2>ESTAS CARACTER\u00cdSTICAS SE TRANSFORMAN EN UNA GRAN PASI\u00d3N POR NUESTRO TRABAJO Y LA M\u00c1XIMA ATENCI\u00d3N HACIA EL CLIENTE.<\/h2>\n<p>[\/vc_column_text][vc_empty_space height=\u00bb90px\u00bb][\/vc_column][\/vc_row]<\/p>\n<\/div>","protected":false},"excerpt":{"rendered":"<p>[vc_row row_type=\u00bbrow\u00bb use_row_as_full_screen_section=\u00bbno\u00bb type=\u00bbgrid\u00bb text_align=\u00bbleft\u00bb css_animation=\u00bb\u00bb][vc_column][vc_column_text] SOMOS UNA EMPRESA ATENTA Y FLEXIBLE, CON PERSONAL T\u00c9CNICO COMPETENTE Y DIN\u00c1MICO PARA\u00a0LA REALIZACI\u00d3N E IDEACI\u00d3N DE L\u00cdNEAS COSM\u00c9TICAS INNOVADORAS Y \u00daNICAS\u00a0EN SU ESTILO INCLUSO EN PEQUE\u00d1AS CANTIDADES. [\/vc_column_text][vc_separator type=\u00bbnormal\u00bb border_style=\u00bb\u00bb][vc_column_text] Kosmetikal trabaja desde hace m\u00e1s de una d\u00e9cada&#8230;<\/p>\n","protected":false},"author":8,"featured_media":1163,"parent":0,"menu_order":0,"comment_status":"open","ping_status":"open","template":"","meta":{"footnotes":""},"class_list":["post-1385","page","type-page","status-publish","has-post-thumbnail","hentry"],"_links":{"self":[{"href":"https:\/\/staging.kosmetikal.it\/es\/wp-json\/wp\/v2\/pages\/1385","targetHints":{"allow":["GET"]}}],"collection":[{"href":"https:\/\/staging.kosmetikal.it\/es\/wp-json\/wp\/v2\/pages"}],"about":[{"href":"https:\/\/staging.kosmetikal.it\/es\/wp-json\/wp\/v2\/types\/page"}],"author":[{"embeddable":true,"href":"https:\/\/staging.kosmetikal.it\/es\/wp-json\/wp\/v2\/users\/8"}],"replies":[{"embeddable":true,"href":"https:\/\/staging.kosmetikal.it\/es\/wp-json\/wp\/v2\/comments?post=1385"}],"version-history":[{"count":5,"href":"https:\/\/staging.kosmetikal.it\/es\/wp-json\/wp\/v2\/pages\/1385\/revisions"}],"predecessor-version":[{"id":22587,"href":"https:\/\/staging.kosmetikal.it\/es\/wp-json\/wp\/v2\/pages\/1385\/revisions\/22587"}],"wp:featuredmedia":[{"embeddable":true,"href":"https:\/\/staging.kosmetikal.it\/es\/wp-json\/wp\/v2\/media\/1163"}],"wp:attachment":[{"href":"https:\/\/staging.kosmetikal.it\/es\/wp-json\/wp\/v2\/media?parent=1385"}],"curies":[{"name":"wp","href":"https:\/\/api.w.org\/{rel}","templated":true}]}}